{"id":198,"date":"2023-05-15T18:06:19","date_gmt":"2023-05-15T18:06:19","guid":{"rendered":"https:\/\/maypoleroundtheworld.uk\/?page_id=198"},"modified":"2023-10-31T19:40:32","modified_gmt":"2023-10-31T19:40:32","slug":"venezuela","status":"publish","type":"page","link":"https:\/\/maypoleroundtheworld.uk\/index.php\/latin-america\/venezuela\/","title":{"rendered":"Venezuela"},"content":{"rendered":"\n<figure class=\"wp-block-embed is-type-video is-provider-youtube wp-block-embed-youtube wp-embed-aspect-4-3 wp-has-aspect-ratio\"><div class=\"wp-block-embed__wrapper\">\n<iframe loading=\"lazy\" title=\"EL SEBUCAN - Tradiciones y Rinconcitos de Venezuela -  &quot;FORMACI\u00d3N LARENSE&quot;\" width=\"500\" height=\"375\" src=\"https:\/\/www.youtube.com\/embed\/w3QPYooNMmo?feature=oembed\" frameborder=\"0\" allow=\"accelerometer; autoplay; clipboard-write; encrypted-media; gyroscope; picture-in-picture; web-share\" referrerpolicy=\"strict-origin-when-cross-origin\" allowfullscreen><\/iframe>\n<\/div><\/figure>\n\n\n\n<p>&#8216;El Sebucan&#8217; is a really interesting dance.  In most countries with a ribbon dance tradition, there is a lot of variety between individual performances.  In the case of &#8216;El Sebucan&#8217; this is still the case, (though I&#8217;ve yet to see one without a plait), but El Sebucan is almost always danced to the same piece of recorded music &#8211; which can be bought from <a href=\"https:\/\/www.amazon.co.uk\/dp\/B001GZ19S0\/ref=sr_1_1?crid=1NZJWE5E4B4JE&amp;keywords=el+sebucan&amp;marketplaceId=A1F83G8C2ARO7P&amp;musicTerritory=GB&amp;qid=1684341353&amp;sprefix=el+sebucan%2Caps%2C132&amp;sr=8-1&amp;trackAsin=B001GZ19S0\">Amazon<\/a> for less than a pound (in 2023).<\/p>\n\n\n\n<p><strong>Why is it called &#8216;El Sebucan&#8217;, as oppose to some variation of &#8216;ribbon dance&#8217;?<\/strong><br>That&#8217;s because a plaited pole looks very like a sebucan. A sebucan is a 8-12 foot long tube woven out of palm leaves, traditionally used for squeezing the poisonous liquid out of cassava. <br>Cassava is used to make casabe (a kind of flatbread). The starchy root of bitter cassava is ground to a pulp, then squeezed to expel a milky, bitter liquid called yare which carries the poisonous substances with it out of the pulp. <\/p>\n\n\n\n<p>As you can see from the photograph, the weave of the sebucan looks very like a maypole plait \u2013 hence the name of the dance.<\/p>\n\n\n\n<figure class=\"wp-block-image size-full\"><img loading=\"lazy\" decoding=\"async\" width=\"385\" height=\"535\" src=\"https:\/\/maypoleroundtheworld.uk\/wp-content\/uploads\/2023\/05\/image.png\" alt=\"\" class=\"wp-image-209\" srcset=\"https:\/\/maypoleroundtheworld.uk\/wp-content\/uploads\/2023\/05\/image.png 385w, https:\/\/maypoleroundtheworld.uk\/wp-content\/uploads\/2023\/05\/image-216x300.png 216w\" sizes=\"auto, (max-width: 385px) 100vw, 385px\" \/><\/figure>\n\n\n\n<p><br>In this video, you can see the whole process of preparing cassava. If you just want to see the sebucan and how it is used, jump to the two minute point.<\/p>\n\n\n\n<figure class=\"wp-block-embed is-type-video is-provider-youtube wp-block-embed-youtube wp-embed-aspect-16-9 wp-has-aspect-ratio\"><div class=\"wp-block-embed__wrapper\">\n<iframe loading=\"lazy\" title=\"transformando la yuca brava en alimento\" width=\"500\" height=\"281\" src=\"https:\/\/www.youtube.com\/embed\/VZi628bBSfY?feature=oembed\" frameborder=\"0\" allow=\"accelerometer; autoplay; clipboard-write; encrypted-media; gyroscope; picture-in-picture; web-share\" referrerpolicy=\"strict-origin-when-cross-origin\" allowfullscreen><\/iframe>\n<\/div><\/figure>\n\n\n\n<p><strong>So, how does the music affect the dance moves?<\/strong><\/p>\n\n\n\n<p>Because there&#8217;s a traditional song for this dance, called, &#8216;El Sebucan&#8217;, and it describes plaiting a pole. <br>First of all, it describes weaving a sebucan (plait), then unweaving the plait. I love that the song says that unweaving the plait is the hard part, because that&#8217;s very true. Mistakes only show when you undo it, and an unnoticed mistake while weaving the plait will usually result in a tangle when undoing it!<br><br>&#8216;This beautiful sebucan opens out like an umbrella&#8217;, is in my imagination a description of a web.  And several versions of the dance do incorporate a figure of 8 web &#8211; though not necessarily at that point in the music.<br><br><strong>When is it danced?<\/strong><\/p>\n\n\n\n<p>El Sebucan is often danced as part of Tamunangue &#8211; Tamunangue is a folk dance (celebration) in South America primarily Venezuela. In Lara State in Venezuela, it is celebrated on June 13 every year as part of the festival to St. Anthony of Padua the patron saint of Lara.  Tamunangue usually begins with an invocation to Virgin Mary. It is a combination suite of music, dance with drums, etc. It is a mixture representing native Indians, the Spanish and African traditions.<br><br><strong>Should we be calling them &#8216;Indians&#8217; or &#8216;indigenous people&#8217;?<\/strong><br>I use &#8216;Indians&#8217; in the translation of the song, even though I&#8217;d normally use &#8216;Indigenous People&#8217; in other contexts.<br>The Spanish words to the song use &#8216;Los Indios&#8217;, and &#8216;Indians&#8217; is closest to that.<br>Some Venezuelan costumes for the dance, have a very &#8216;Indian&#8217; flavour.<br><\/p>\n\n\n\n<figure class=\"wp-block-embed is-type-video is-provider-youtube wp-block-embed-youtube wp-embed-aspect-16-9 wp-has-aspect-ratio\"><div class=\"wp-block-embed__wrapper\">\n<iframe loading=\"lazy\" title=\"EL SEBUCAN COLEGIO LUZ DE CARACAS 2012\" width=\"500\" height=\"281\" src=\"https:\/\/www.youtube.com\/embed\/6HlSCow8-Z4?feature=oembed\" frameborder=\"0\" allow=\"accelerometer; autoplay; clipboard-write; encrypted-media; gyroscope; picture-in-picture; web-share\" referrerpolicy=\"strict-origin-when-cross-origin\" allowfullscreen><\/iframe>\n<\/div><\/figure>\n\n\n\n<p><strong>This is the notation for my favourite version of the dance.<\/strong> (This is taken from the video at top of this page. Observe how they hold the ribbons to emphasise some of the moves)<br>&nbsp;<br>Ribbons are held in two hands, hand furthest away from the pole has the end of the ribbon. Ribbon tension is always maintained.<\/p>\n\n\n\n<p>Motion should a very quick even walk with small steps &#8211; as though you&#8217;re skimming quickly across the floor &#8211; especially in the plait.<br><br>Dancers start by the pole and step back with their ribbons as the music begins. Make sure you know who your partner is before you start.<\/p>\n\n\n\n<p>1. Plait, go twice round the pole, then face partners for the next move. (If you don&#8217;t have 8 couples, stop at end of phrase)<\/p>\n\n\n\n<p>2. Web &#8211; Go twice round partner, then twice round corner, twice partner, twice corner. (there seem to be no hard and fast rules on the direction of the going round partner, it looks like a bit of a free for all.  But if you want to be flash, you can do clockwise with partner and anti-clockwise with corner) Face mostly towards pole while doing this.<\/p>\n\n\n\n<p>Pause briefly to show off figure, then undo it.<\/p>\n\n\n\n<p>Now undo the figures.<\/p>\n\n\n\n<p>Brief pause. All &#8216;women&#8217; go into centre and go round anti-clockwise. At the same time, all &#8216;men&#8217; stay on outside and go clockwise. Go once round pole. Reverse direction and go back again.<\/p>\n\n\n\n<p>When back to place, all &#8216;men&#8217; go into centre and form a ring facing out.<\/p>\n\n\n\n<p>All &#8216;women&#8217; move out and form a ring facing outside the men. Everyone, Hold ribbons above head, with hands apart so the ribbon is horizontal above your head. (Which should coincide with the end of the music)<\/p>\n\n\n\n<p><strong>El Sebucan lyrics<\/strong><br>Nosotros somos los indios, <em><strong>We are the Indians<\/strong><\/em><br>Los indios de Pariaguan <em><strong>The Indians of Pariaguan<\/strong><\/em><br>Nosotros somos los indios, Los indios de Pariaguan.<br><br>Que venimos a bailar <em><strong>Who have come to dance<\/strong><\/em><br>este lindo Sebuc\u00e1n. <em><strong>The beautiful Sebucan<\/strong><\/em><br>Que venimos a bailar, este lindo Sebuc\u00e1n.<br>Que venimos a bailar, este lindo Sebuc\u00e1n.<br>Que venimos a bailar, este lindo Sebuc\u00e1n.<br><br>Aqu\u00ed estamos las guarichas, <em><strong>Here are we, the maidens<\/strong><\/em><br>tejiendo este Sebuc\u00e1n. <em><strong>Weaving this Sebucan<\/strong><\/em><br>Aqu\u00ed estamos las guarichas, tejiendo este Sebuc\u00e1n.<\/p>\n\n\n\n<p><br>Y si nos equivocamos, <em><strong>If we make a mistake<\/strong><\/em><br>mal tejido quedar\u00e1. <em><strong>The weave will be bad.<\/strong><\/em><br>Y si nos equivocamos, mal tejido quedar\u00e1.<br>Y si nos equivocamos, mal tejido quedar\u00e1.<br>Y si nos equivocamos, mal tejido quedar\u00e1.<\/p>\n\n\n\n<p>El que quiera aprender <em><strong>If you wish to learn<\/strong><\/em><br>a tejer el Sebuc\u00e1n. <em><strong>To weave a Sebucan<\/strong><\/em><br>El que quiera aprender a tejer el Sebuc\u00e1n<\/p>\n\n\n\n<p><br>Fij\u00e1ndose de nosotras <em><strong>Watch us closely<\/strong><\/em><br>enseguida aprender\u00e1. <em><strong>And you will learn<\/strong><\/em><br>Fij\u00e1ndose de nosotras enseguida aprender\u00e1.<br>Fij\u00e1ndose de nosotras enseguida aprender\u00e1.<br>Fij\u00e1ndose de nosotras enseguida aprender\u00e1.<br><br>El tejer el Sebuc\u00e1n <em><strong>Weaving a Sebucan<\/strong><\/em><br>es de gran facilidad. <em><strong>Is very easy<\/strong><\/em><br>El tejer el Sebuc\u00e1n es de gran facilidad.<br><br>Pero para destejerlo <em><strong>But unweaving it<\/strong><\/em><br>esta la dificultad. <em><strong>Is the difficult part.<\/strong><\/em><br>Pero para destejerlo esta la dificultad.<br>Pero para destejerlo esta la dificultad.<br>Pero para destejerlo esta la dificultad.<br><br>Este lindo sebuc\u00e1n <em><strong>This beautiful Sebucan<\/strong><\/em><br>se abre como un paraguas, <em><strong>Opens like an umbrella<\/strong><\/em><br>Este lindo sebuc\u00e1n se abre como un paraguas,<br><br>Tiene cintas de colores <em><strong>It has colourful ribbons<\/strong><\/em><br>y en el medio la encarna. <em><strong>And the pulp in the middle.<\/strong><\/em><br>Tiene cintas de colores y en el medio la encarna.<br>Tiene cintas de colores y en el medio la encarna.<br>Tiene cintas de colores y en el medio la encarna.<br><br>Y ya estamos destejiendo&nbsp; <em><strong>Now we\u2019re unravelling<\/strong><\/em><br>este lindo Sebuc\u00e1n&nbsp; <em><strong>This lovely Sebucan<\/strong><\/em><br>Y ya estamos destejiendo&nbsp; este lindo Sebuc\u00e1n<\/p>\n\n\n\n<p>Se\u00f1ores y se\u00f1oritas\u00a0 <em><strong>Lords and Ladies<\/strong><\/em><br>complacidos quedar\u00e1n.\u00a0 <em><strong>Will be pleased<\/strong><\/em><br>Se\u00f1ores y se\u00f1oritas\u00a0 complacidos quedar\u00e1n.\u00a0<br>Se\u00f1ores y se\u00f1oritas\u00a0 complacidos quedar\u00e1n.\u00a0<br>Se\u00f1ores y se\u00f1oritas\u00a0 complacidos quedar\u00e1n.<br><br>(Thanks to Patsy Rose for the translation)<br><br>&#8216;Guarichas&#8217; means &#8216;women&#8217;. \u00a0In many parts of south America it&#8217;s a slang derogatory term, but in Venezuala (where the song comes from) it apparently means young, single and indigenous.<br>Pariagu\u00e1n is a city in Venezuela.<\/p>\n\n\n\n<p><br>&#8216;Tiene cintas de colores y en el medio la encarna&#8217; has been translated in several ways on other web sites.  eg. &#8216;It has many-colored ribbons, And in the middle a red one.&#8217;<br><br>A middle red ribbon makes no sense to me in a dance context and, besides, Google Translate doesn&#8217;t even offer &#8216;red&#8217; as an option. It gives Encarn\u00e1 as: &#8216;incarnate&#8217;, &#8217;embody&#8217;. &#8216;personify&#8217;, so Patsy and I read it as meaning:  in the middle of the coloured ribbons is  the pole personifying what you&#8217;d expect inside a sebucan &#8211; the cassava pulp.<\/p>\n\n\n\n<p><\/p>\n","protected":false},"excerpt":{"rendered":"<p>&#8216;El Sebucan&#8217; is a really interesting dance. In most countries with a ribbon dance tradition, there is a lot of variety between individual performances. In the case of &#8216;El Sebucan&#8217; this is still the case, (though I&#8217;ve yet to see one without a plait), but El Sebucan is almost always danced to the same piece [&hellip;]<\/p>\n","protected":false},"author":1,"featured_media":0,"parent":28,"menu_order":0,"comment_status":"closed","ping_status":"closed","template":"","meta":{"site-sidebar-layout":"default","site-content-layout":"","ast-site-content-layout":"default","site-content-style":"default","site-sidebar-style":"default","ast-global-header-display":"","ast-banner-title-visibility":"","ast-main-header-display":"","ast-hfb-above-header-display":"","ast-hfb-below-header-display":"","ast-hfb-mobile-header-display":"","site-post-title":"","ast-breadcrumbs-content":"","ast-featured-img":"","footer-sml-layout":"","ast-disable-related-posts":"","theme-transparent-header-meta":"","adv-header-id-meta":"","stick-header-meta":"","header-above-stick-meta":"","header-main-stick-meta":"","header-below-stick-meta":"","astra-migrate-meta-layouts":"default","ast-page-background-enabled":"default","ast-page-background-meta":{"desktop":{"background-color":"var(--ast-global-color-4)","background-image":"","background-repeat":"repeat","background-position":"center center","background-size":"auto","background-attachment":"scroll","background-type":"","background-media":"","overlay-type":"","overlay-color":"","overlay-opacity":"","overlay-gradient":""},"tablet":{"background-color":"","background-image":"","background-repeat":"repeat","background-position":"center center","background-size":"auto","background-attachment":"scroll","background-type":"","background-media":"","overlay-type":"","overlay-color":"","overlay-opacity":"","overlay-gradient":""},"mobile":{"background-color":"","background-image":"","background-repeat":"repeat","background-position":"center center","background-size":"auto","background-attachment":"scroll","background-type":"","background-media":"","overlay-type":"","overlay-color":"","overlay-opacity":"","overlay-gradient":""}},"ast-content-background-meta":{"desktop":{"background-color":"var(--ast-global-color-5)","background-image":"","background-repeat":"repeat","background-position":"center center","background-size":"auto","background-attachment":"scroll","background-type":"","background-media":"","overlay-type":"","overlay-color":"","overlay-opacity":"","overlay-gradient":""},"tablet":{"background-color":"var(--ast-global-color-5)","background-image":"","background-repeat":"repeat","background-position":"center center","background-size":"auto","background-attachment":"scroll","background-type":"","background-media":"","overlay-type":"","overlay-color":"","overlay-opacity":"","overlay-gradient":""},"mobile":{"background-color":"var(--ast-global-color-5)","background-image":"","background-repeat":"repeat","background-position":"center center","background-size":"auto","background-attachment":"scroll","background-type":"","background-media":"","overlay-type":"","overlay-color":"","overlay-opacity":"","overlay-gradient":""}},"footnotes":""},"class_list":["post-198","page","type-page","status-publish","hentry"],"_links":{"self":[{"href":"https:\/\/maypoleroundtheworld.uk\/index.php\/wp-json\/wp\/v2\/pages\/198","targetHints":{"allow":["GET"]}}],"collection":[{"href":"https:\/\/maypoleroundtheworld.uk\/index.php\/wp-json\/wp\/v2\/pages"}],"about":[{"href":"https:\/\/maypoleroundtheworld.uk\/index.php\/wp-json\/wp\/v2\/types\/page"}],"author":[{"embeddable":true,"href":"https:\/\/maypoleroundtheworld.uk\/index.php\/wp-json\/wp\/v2\/users\/1"}],"replies":[{"embeddable":true,"href":"https:\/\/maypoleroundtheworld.uk\/index.php\/wp-json\/wp\/v2\/comments?post=198"}],"version-history":[{"count":28,"href":"https:\/\/maypoleroundtheworld.uk\/index.php\/wp-json\/wp\/v2\/pages\/198\/revisions"}],"predecessor-version":[{"id":335,"href":"https:\/\/maypoleroundtheworld.uk\/index.php\/wp-json\/wp\/v2\/pages\/198\/revisions\/335"}],"up":[{"embeddable":true,"href":"https:\/\/maypoleroundtheworld.uk\/index.php\/wp-json\/wp\/v2\/pages\/28"}],"wp:attachment":[{"href":"https:\/\/maypoleroundtheworld.uk\/index.php\/wp-json\/wp\/v2\/media?parent=198"}],"curies":[{"name":"wp","href":"https:\/\/api.w.org\/{rel}","templated":true}]}}